{"id":241,"date":"2020-12-07T09:41:12","date_gmt":"2020-12-07T14:41:12","guid":{"rendered":"https:\/\/consejo202402.ccpanorama.co\/?page_id=241"},"modified":"2024-05-06T23:52:57","modified_gmt":"2024-05-07T04:52:57","slug":"estados_financieros","status":"publish","type":"page","link":"https:\/\/consejo202402.ccpanorama.co\/?page_id=241","title":{"rendered":"Estados Financieros"},"content":{"rendered":"\t\t<div data-elementor-type=\"wp-page\" data-elementor-id=\"241\" class=\"elementor elementor-241\">\n\t\t\t\t\t\t<section class=\"elementor-section elementor-top-section elementor-element elementor-element-144ebb28 elementor-section-boxed elementor-section-height-default elementor-section-height-default\" data-id=\"144ebb28\" data-element_type=\"section\">\n\t\t\t\t\t\t<div class=\"elementor-container elementor-column-gap-default\">\n\t\t\t\t\t<div class=\"elementor-column elementor-col-100 elementor-top-column elementor-element elementor-element-233b01a0\" data-id=\"233b01a0\" data-element_type=\"column\">\n\t\t\t<div class=\"elementor-widget-wrap elementor-element-populated\">\n\t\t\t\t\t\t<div class=\"elementor-element elementor-element-1700ba70 elementor-widget elementor-widget-heading\" data-id=\"1700ba70\" data-element_type=\"widget\" data-widget_type=\"heading.default\">\n\t\t\t\t<div class=\"elementor-widget-container\">\n\t\t\t<h2 class=\"elementor-heading-title elementor-size-default\">informaci\u00f3n FINANCIERA<\/h2>\t\t<\/div>\n\t\t\t\t<\/div>\n\t\t\t\t<div class=\"elementor-element elementor-element-4e2d7b8 elementor-widget-divider--view-line elementor-widget elementor-widget-divider\" data-id=\"4e2d7b8\" data-element_type=\"widget\" data-widget_type=\"divider.default\">\n\t\t\t\t<div class=\"elementor-widget-container\">\n\t\t\t\t\t<div class=\"elementor-divider\">\n\t\t\t<span class=\"elementor-divider-separator\">\n\t\t\t\t\t\t<\/span>\n\t\t<\/div>\n\t\t\t\t<\/div>\n\t\t\t\t<\/div>\n\t\t\t\t\t<\/div>\n\t\t<\/div>\n\t\t\t\t\t<\/div>\n\t\t<\/section>\n\t\t\t\t<section class=\"elementor-section elementor-top-section elementor-element elementor-element-8b937ec elementor-section-boxed elementor-section-height-default elementor-section-height-default\" data-id=\"8b937ec\" data-element_type=\"section\">\n\t\t\t\t\t\t<div class=\"elementor-container elementor-column-gap-default\">\n\t\t\t\t\t<div class=\"elementor-column elementor-col-100 elementor-top-column elementor-element elementor-element-5902324\" data-id=\"5902324\" data-element_type=\"column\">\n\t\t\t<div class=\"elementor-widget-wrap elementor-element-populated\">\n\t\t\t\t\t\t<div class=\"elementor-element elementor-element-b9f4b6b elementor-widget elementor-widget-text-editor\" data-id=\"b9f4b6b\" data-element_type=\"widget\" data-widget_type=\"text-editor.default\">\n\t\t\t\t<div class=\"elementor-widget-container\">\n\t\t\t\t\t\t\t<ol><li><a href=\"https:\/\/consejo202402.ccpanorama.co\/wp-content\/uploads\/2024\/05\/Informe-Revisoria-1.pdf\" target=\"_blank\" rel=\"noopener\">Informe de revisor\u00eda<\/a><\/li><li><a href=\"https:\/\/consejo202402.ccpanorama.co\/wp-content\/uploads\/2024\/05\/ESTADOS-FINANCIEROS.pdf\" target=\"_blank\" rel=\"noopener\">Estados financieros<\/a><\/li><li><a href=\"https:\/\/consejo202402.ccpanorama.co\/wp-content\/uploads\/2024\/05\/Informe-Juridico-1.pdf\" target=\"_blank\" rel=\"noopener\">Informe jur\u00eddico<\/a><\/li><\/ol>\t\t\t\t\t\t<\/div>\n\t\t\t\t<\/div>\n\t\t\t\t\t<\/div>\n\t\t<\/div>\n\t\t\t\t\t<\/div>\n\t\t<\/section>\n\t\t\t\t<\/div>\n\t\t","protected":false},"excerpt":{"rendered":"<p>informaci\u00f3n FINANCIERA Informe de revisor\u00eda Estados financieros Informe jur\u00eddico<\/p>\n","protected":false},"author":1,"featured_media":0,"parent":0,"menu_order":0,"comment_status":"closed","ping_status":"closed","template":"","meta":{"footnotes":""},"_links":{"self":[{"href":"https:\/\/consejo202402.ccpanorama.co\/index.php?rest_route=\/wp\/v2\/pages\/241"}],"collection":[{"href":"https:\/\/consejo202402.ccpanorama.co\/index.php?rest_route=\/wp\/v2\/pages"}],"about":[{"href":"https:\/\/consejo202402.ccpanorama.co\/index.php?rest_route=\/wp\/v2\/types\/page"}],"author":[{"embeddable":true,"href":"https:\/\/consejo202402.ccpanorama.co\/index.php?rest_route=\/wp\/v2\/users\/1"}],"replies":[{"embeddable":true,"href":"https:\/\/consejo202402.ccpanorama.co\/index.php?rest_route=%2Fwp%2Fv2%2Fcomments&post=241"}],"version-history":[{"count":205,"href":"https:\/\/consejo202402.ccpanorama.co\/index.php?rest_route=\/wp\/v2\/pages\/241\/revisions"}],"predecessor-version":[{"id":1636,"href":"https:\/\/consejo202402.ccpanorama.co\/index.php?rest_route=\/wp\/v2\/pages\/241\/revisions\/1636"}],"wp:attachment":[{"href":"https:\/\/consejo202402.ccpanorama.co\/index.php?rest_route=%2Fwp%2Fv2%2Fmedia&parent=241"}],"curies":[{"name":"wp","href":"https:\/\/api.w.org\/{rel}","templated":true}]}}